{"id":3580,"date":"2021-02-19T17:15:19","date_gmt":"2021-02-19T17:15:19","guid":{"rendered":"https:\/\/kubi-im-austausch.de\/?page_id=3580"},"modified":"2025-04-29T15:47:05","modified_gmt":"2025-04-29T15:47:05","slug":"kontakt","status":"publish","type":"page","link":"https:\/\/kubi-im-austausch.de\/mn\/kontakt\/","title":{"rendered":"\u0425\u041e\u041b\u0411\u041e\u041e \u0411\u0410\u0420\u0418\u0425"},"content":{"rendered":"<div class=\"brz-root__container brz-reset-all\">\n<section data-uid=\"gevgvjrwcsuwegnmkrkkatwcrnzmlgbqeibr\" id=\"gevgvjrwcsuwegnmkrkkatwcrnzmlgbqeibr\" class=\"brz-section brz-css-xanui\">\n<div class=\"brz-section__content brz-section--boxed brz-css-umpok brz-css-opwle\" data-custom-id=\"rrqglrvbkggyufdewtdnipvytlcsdfyikqdt\">\n<div class=\"brz-bg overflow-hidden absolute top-0 left-0 w-full h-full\">\n<div class=\"brz-bg-image absolute top-0 left-0 w-full h-full bg-no-repeat bg-cover\"><\/div>\n<div class=\"brz-bg-color absolute top-0 left-0 w-full h-full\"><\/div>\n<\/div>\n<div class=\"brz-container brz-css-icppw brz-css-yopqb\">\n<div class=\"brz-css-lxuaq brz-css-xwary brz-wrapper\">\n<div class=\"brz-spacer brz-css-wynnc brz-css-wldka\"><\/div>\n<\/div>\n<div class=\"brz-css-lxuaq brz-css-suhyf brz-wrapper\">\n<div class=\"brz-rich-text brz-rich-text__custom brz-css-fykwj\" data-custom-id=\"mbxxxzhntvbdkroehpmegdhncnehiqtjqrod\">\n<div>\n<h2 class=\"brz-css-dpdmp\"><span class=\"brz-cp-color8\">\u0411\u0418\u0414\u042d\u041d\u0422\u042d\u0419 \u0425\u041e\u041b\u0411\u041e\u0413\u0414\u041e\u0425<\/span><\/h2>\n<\/div>\n<\/div>\n<\/div>\n<div class=\"brz-css-lxuaq brz-css-xwary brz-wrapper\">\n<div class=\"brz-spacer brz-css-wynnc brz-css-hrzft\"><\/div>\n<\/div>\n<div class=\"brz-css-lxuaq brz-wrapper\">\n<div data-form-version=\"2\" class=\"brz-forms2 brz-css-jgqov brz-css-ozbyq\" data-custom-id=\"xxzhwtfrwnhqvoanyeovudbnsmdwtbejpasj\">\n<div class=\"brz-forms2__item brz-css-xogyv brz-css-aguib brz-css-fdmju\"><\/div>\n<div class=\"brz-forms2__item brz-css-xogyv brz-css-aguib brz-css-fdmju\"><\/div>\n<div class=\"brz-forms2__item brz-css-xogyv brz-css-aguib brz-css-fdmju brz-css-snvpk\"><textarea id=\"vcsauvtwwvludbtutwbehujgcksvbfdhvecw\" name=\"yducdenlfbhiihuizypfiqqzmaywjkctpxiv\" data-type=\"Paragraph\" data-label=\"Text\" data-placeholder=\"Text\" class=\"brz-textarea brz-forms2__field brz-forms2__field-paragraph\"><\/textarea><\/div>\n<div class=\"brz-forms2 brz-forms2__item brz-forms2__item-button\"><button class=\"brz-btn brz-btn-submit brz-css-atmcb brz-css-nrszn\" data-custom-id=\"wrxnpmnpwsdaxuctzxdoeygletazmbhyamoq\"><span class=\"brz-span brz-text__editor\">\u0418\u043b\u0433\u044d\u044d\u0445<\/span><\/button>    !function(){function t(t){this.element=t,this.animationId,this.start=null,this.init()}if(!window.requestAnimationFrame){var i=null;window.requestAnimationFrame=function(t,n){var e=(new Date).getTime();i||(i=e);var a=Math.max(0,16-(e-i)),o=window.setTimeout(function(){t(e+a)},a);return i=e+a,o}}t.prototype.init=function(){var t=this;this.animationId=window.requestAnimationFrame(t.triggerAnimation.bind(t))},t.prototype.reset=function(){var t=this;window.cancelAnimationFrame(t.animationId)},t.prototype.triggerAnimation=function(t){var i=this;this.start||(this.start=t);var n=t-this.start;504&gt;n||(this.start=this.start+504),this.element.setAttribute(&#8222;transform&#8220;,&#8220;rotate(&#8222;+Math.min(n\/1.4,360)+&#8220; 12 12)&#8220;);if(document.documentElement.contains(this.element))window.requestAnimationFrame(i.triggerAnimation.bind(i))};var n=document.getElementsByClassName(&#8222;nc-loop_circle-02-24&#8220;),e=[];if(n)for(var a=0;n.length&gt;a;a++)!function(i){e.push(new t(n[i]))}(a);document.addEventListener(&#8222;visibilitychange&#8220;,function(){&#8222;hidden&#8220;==document.visibilityState?e.forEach(function(t){t.reset()}):e.forEach(function(t){t.init()})})}();<\/div>\n<\/div>\n<\/div>\n<div class=\"brz-css-lxuaq brz-css-xwary brz-wrapper\">\n<div class=\"brz-spacer brz-css-wynnc brz-css-hbbtb\"><\/div>\n<\/div>\n<\/div>\n<\/div>\n<\/section>\n<section data-uid=\"fdgdbysgijwhckylxaelzlmzobtpyuqzlytu\" id=\"fdgdbysgijwhckylxaelzlmzobtpyuqzlytu\" class=\"brz-section brz-css-xanui\">\n<div class=\"brz-section__content brz-section--boxed brz-css-umpok brz-css-qslcz\" data-custom-id=\"jatywhehwtnhtfjooxmhzjemfjyadczdqtal\">\n<div class=\"brz-bg overflow-hidden absolute top-0 left-0 w-full h-full\">\n<div class=\"brz-bg-color absolute top-0 left-0 w-full h-full\"><\/div>\n<\/div>\n<div class=\"brz-container brz-css-icppw brz-css-smicu\">\n<div class=\"brz-css-lxuaq brz-css-xwary brz-wrapper\">\n<div class=\"brz-spacer brz-css-wynnc brz-css-tgkar\"><\/div>\n<\/div>\n<div class=\"brz-css-lxuaq brz-wrapper\">\n<div class=\"brz-rich-text brz-rich-text__custom brz-css-fykwj\" data-custom-id=\"kwagdursgdkmlstfdiwcmpstnnfyvtitukfx\">\n<div>\n<p class=\"brz-css-moucs\"><span class=\"brz-cp-color7\">\u0422\u04e8\u0421\u041b\u0418\u0419\u041d \u0417\u041e\u0425\u0418\u041e\u041d \u0411\u0410\u0419\u0413\u0423\u0423\u041b\u0410\u0413\u0427 \u0422\u04ae\u041d\u0428\u04ae\u04ae\u0414<\/span><\/p>\n<\/div>\n<\/div>\n<\/div>\n<div class=\"brz-row__container brz-css-mipmd\" data-custom-id=\"ftogypailjkidjdpyilnduwleydwhdlcihot\">\n<div class=\"brz-bg overflow-hidden absolute top-0 left-0 w-full h-full\"><\/div>\n<div class=\"brz-row brz-css-mlotb brz-css-vdatf\">\n<div class=\"brz-columns brz-css-vztff brz-css-gdhri\" data-custom-id=\"smypemyzdlsmkrngdegwtdlyxsagdjxdyutv\">\n<div class=\"brz-bg overflow-hidden absolute top-0 left-0 w-full h-full\"><\/div>\n<div class=\"brz-column__items brz-css-ousfk\">\n<div class=\"brz-css-lxuaq brz-css-nddid brz-wrapper\">\n<div class=\"brz-image brz-css-qxtkf\"><a class=\"brz-a\" href=\"https:\/\/www.jugendkunstschule-charlottenburg-wilmersdorf.de\/\" target=\"_blank\" rel=\"noopener\" data-brz-link-type=\"external\" id data-custom-id=\"zkpwushungsaayibcvsnkwoinhperjxzpneo\"><img decoding=\"async\" class=\"brz-img\" src=\"https:\/\/kubi-im-austausch.de\/wp-content\/uploads\/brizy\/imgs\/FreundeskreisLogo600px-208x43x0x0x208x43x1665492453.jpg\" alt=\"\" loading=\"lazy\" \/><\/a><\/div>\n<\/div>\n<\/div>\n<\/div>\n<div class=\"brz-columns brz-css-vztff brz-css-bwscm\" data-custom-id=\"gyduzuhzcmmezujsjysztjdlsaltgfwxrfor\">\n<div class=\"brz-bg overflow-hidden absolute top-0 left-0 w-full h-full\"><\/div>\n<div class=\"brz-column__items brz-css-ousfk\">\n<div class=\"brz-css-lxuaq brz-css-fvzkn brz-wrapper\">\n<div class=\"brz-image brz-css-ttgxp\"><a class=\"brz-a\" href=\"https:\/\/www.jugendkunstschule-charlottenburg-wilmersdorf.de\/\" target=\"_blank\" rel=\"noopener\" data-brz-link-type=\"external\" id data-custom-id=\"knbichjtrgobczdupqutbfrhhixwikcmqxrs\"><img decoding=\"async\" class=\"brz-img\" src=\"https:\/\/kubi-im-austausch.de\/wp-content\/uploads\/brizy\/imgs\/JKS-Logo-600px-157x86x0x0x157x86x1665492452.jpg\" alt=\"\" loading=\"lazy\" \/><\/a><\/div>\n<\/div>\n<\/div>\n<\/div>\n<div class=\"brz-columns brz-css-vztff brz-css-bfwkg\" data-custom-id=\"tovzikslevlngxqggkgnnbsuafemrwvoifxs\">\n<div class=\"brz-bg overflow-hidden absolute top-0 left-0 w-full h-full\"><\/div>\n<div class=\"brz-column__items brz-css-ousfk\">\n<div class=\"brz-css-lxuaq brz-css-mwsgu brz-wrapper\">\n<div class=\"brz-image brz-css-qnyoa\"><a class=\"brz-a\" href=\"http:\/\/www.mfa.gov.mn\/?page_id=49861\" target=\"_blank\" rel=\"noopener\" data-brz-link-type=\"external\" id data-custom-id=\"qdyusbkayuboiywwtffpoudygxapvpfvisnr\"><img decoding=\"async\" class=\"brz-img\" src=\"https:\/\/kubi-im-austausch.de\/wp-content\/uploads\/brizy\/imgs\/20190110__3___45-logo600px-69x185x0x0x69x185x1665492452.jpg\" alt=\"\" loading=\"lazy\" \/><\/a><\/div>\n<\/div>\n<\/div>\n<\/div>\n<div class=\"brz-columns brz-css-vztff brz-css-nsiab\" data-custom-id=\"inmdjnoplbvzyntrngpllfjfjkamxyvlxtwz\">\n<div class=\"brz-column__items brz-css-ousfk\">\n<div class=\"brz-css-lxuaq brz-css-jqhtf brz-wrapper\">\n<div class=\"brz-image brz-css-oinix\"><a class=\"brz-a\" href=\"http:\/\/mfa.gov.mn\/\" target=\"_blank\" rel=\"noopener\" data-brz-link-type=\"external\" id data-custom-id=\"imuuuwbbhdobdktzggzmqufkmejtsmpiywdg\"><img decoding=\"async\" class=\"brz-img\" src=\"https:\/\/kubi-im-austausch.de\/wp-content\/uploads\/brizy\/imgs\/Logo_CulturalEnvoy_2019_230px-137x101x0x0x137x101x1665492452.jpg\" alt=\"\" loading=\"lazy\" \/><\/a><\/div>\n<\/div>\n<\/div>\n<\/div>\n<div class=\"brz-columns brz-css-vztff brz-css-iyxxz\" data-custom-id=\"oayixssfszsjfnyjhlzptibexbeiasmhiesq\">\n<div class=\"brz-bg overflow-hidden absolute top-0 left-0 w-full h-full\"><\/div>\n<div class=\"brz-column__items brz-css-ousfk\">\n<div class=\"brz-css-lxuaq brz-css-wzons brz-wrapper\">\n<div class=\"brz-image brz-css-gzvyv\"><a class=\"brz-a\" href=\"https:\/\/www.artsandmediaconsulting.org\/\" target=\"_blank\" rel=\"noopener\" data-brz-link-type=\"external\" id data-custom-id=\"ujygowusfyesvpplkoomsvjsndzgyftxnibv\"><img decoding=\"async\" class=\"brz-img\" src=\"https:\/\/kubi-im-austausch.de\/wp-content\/uploads\/brizy\/imgs\/AMPMC_logo_screen400px-246x71x0x0x246x71x1665492452.jpg\" alt=\"\" loading=\"lazy\" \/><\/a><\/div>\n<\/div>\n<\/div>\n<\/div>\n<\/div>\n<\/div>\n<\/div>\n<\/div>\n<\/section>\n<section data-uid=\"jmvgxroltfmqdrtztpleoukqudadqgdpirjr\" id=\"jmvgxroltfmqdrtztpleoukqudadqgdpirjr\" class=\"brz-section brz-css-xanui\">\n<div class=\"brz-section__content brz-section--boxed brz-css-umpok brz-css-spblr\" data-custom-id=\"icrhfatdtwxcvejogilhiwafnljelgauckir\">\n<div class=\"brz-container brz-css-icppw brz-css-bevxo\">\n<div class=\"brz-css-lxuaq brz-wrapper\">\n<div class=\"brz-rich-text brz-rich-text__custom brz-css-fykwj\" data-custom-id=\"bzzhfnpcnzyoddyllfkpxavmgfftmszfhzkt\">\n<div>\n<p class=\"brz-css-mbmsd\"><span class=\"brz-cp-color7\">EIN BESONDERER DANK F\u00dcR DIE ZUSAMMENARBEIT, F\u00d6RDERUNG &amp; UNTERST\u00dcTZUNG: <\/span><\/p>\n<\/div>\n<\/div>\n<\/div>\n<div class=\"brz-row__container brz-css-mipmd\" data-custom-id=\"ybkbvlroykiilonvtgtnqibiapgwddaqbxip\">\n<div class=\"brz-bg overflow-hidden absolute top-0 left-0 w-full h-full\"><\/div>\n<div class=\"brz-row brz-css-mlotb\">\n<div class=\"brz-columns brz-css-vztff brz-css-brkiy\" data-custom-id=\"xxjcebznmdfnrjgcazpilytqbvqhjxtecvkc\">\n<div class=\"brz-bg overflow-hidden absolute top-0 left-0 w-full h-full\"><\/div>\n<div class=\"brz-column__items brz-css-ousfk\">\n<div class=\"brz-css-lxuaq brz-css-tofvn brz-wrapper\">\n<div class=\"brz-image brz-css-hmtyd\"><a class=\"brz-a\" href=\"https:\/\/www.bkj.de\/\" target=\"_blank\" rel=\"noopener\" data-brz-link-type=\"external\" id data-custom-id=\"vukgxabkgudplkfzlqqyxuxrjkoqqfzydsug\"><img decoding=\"async\" class=\"brz-img\" src=\"https:\/\/kubi-im-austausch.de\/wp-content\/uploads\/brizy\/imgs\/01-BKJ_Logo-138x36x0x0x138x36x1665492452.png\" alt=\"\" loading=\"lazy\" \/><\/a><\/div>\n<\/div>\n<\/div>\n<\/div>\n<div class=\"brz-columns brz-css-vztff brz-css-crihi\" data-custom-id=\"pdgumfidpadlutwshbsnxnfadssqvizjjhgt\">\n<div class=\"brz-bg overflow-hidden absolute top-0 left-0 w-full h-full\"><\/div>\n<div class=\"brz-column__items brz-css-ousfk\">\n<div class=\"brz-css-lxuaq brz-css-tctot brz-wrapper\">\n<div class=\"brz-image brz-css-aonve\"><a class=\"brz-a\" href=\"https:\/\/www.bmfsfj.de\/\" target=\"_blank\" rel=\"noopener\" data-brz-link-type=\"external\" id data-custom-id=\"lkvxvbuoqpmcvrbyqnvxpwflwtiqvzuvkcda\"><img decoding=\"async\" class=\"brz-img\" src=\"https:\/\/kubi-im-austausch.de\/wp-content\/uploads\/brizy\/imgs\/02-BMF-144x72x0x0x144x72x1665492452.png\" alt=\"\" loading=\"lazy\" \/><\/a><\/div>\n<\/div>\n<\/div>\n<\/div>\n<div class=\"brz-columns brz-css-vztff brz-css-mjisz\" data-custom-id=\"gevbipfqsfqhrnkxvjisyanhrgteimejznan\">\n<div class=\"brz-bg overflow-hidden absolute top-0 left-0 w-full h-full\"><\/div>\n<div class=\"brz-column__items brz-css-ousfk\">\n<div class=\"brz-css-lxuaq brz-css-nahbc brz-wrapper\">\n<div class=\"brz-image brz-css-xlbgr\"><a class=\"brz-a\" href=\"https:\/\/www.berlin.de\/sen\/kultur\/\" target=\"_blank\" rel=\"noopener\" data-brz-link-type=\"external\" id data-custom-id=\"nmqifaaqrvhvxttjvlbrsikazscqtvvvjpkt\"><img decoding=\"async\" class=\"brz-img brz-img-svg\" src=\"https:\/\/kubi-im-austausch.de\/wp-content\/uploads\/2021\/02\/03-BSenat.svg\" alt=\"\" loading=\"lazy\" \/><\/a><\/div>\n<\/div>\n<\/div>\n<\/div>\n<div class=\"brz-columns brz-css-vztff brz-css-jmwnt\" data-custom-id=\"gdtzumdyexkspsxlpdvbvqofbrwcqczqzkax\">\n<div class=\"brz-bg overflow-hidden absolute top-0 left-0 w-full h-full\"><\/div>\n<div class=\"brz-column__items brz-css-ousfk\">\n<div class=\"brz-css-lxuaq brz-css-hpouo brz-wrapper\">\n<div class=\"brz-image brz-css-ohfrk\"><a class=\"brz-a\" href=\"https:\/\/ulan-bator.diplo.de\/mn-de\/botschaft\" target=\"_blank\" rel=\"noopener\" data-brz-link-type=\"external\" id data-custom-id=\"uxgkiybdzhwhfxnueyqcftmwyqjuyijqsmrt\"><img decoding=\"async\" class=\"brz-img\" src=\"https:\/\/kubi-im-austausch.de\/wp-content\/uploads\/brizy\/imgs\/04-German-Embassy600px-143x48x0x0x143x48x1665492452.jpg\" alt=\"\" loading=\"lazy\" \/><\/a><\/div>\n<\/div>\n<\/div>\n<\/div>\n<div class=\"brz-columns brz-css-vztff brz-css-qtcau\" data-custom-id=\"wazusmmpjpqbcolcwwrkeuqwwgrsynxmdatx\">\n<div class=\"brz-bg overflow-hidden absolute top-0 left-0 w-full h-full\"><\/div>\n<div class=\"brz-column__items brz-css-ousfk\">\n<div class=\"brz-css-lxuaq brz-css-wtjhp brz-wrapper\">\n<div class=\"brz-image brz-css-gekoe\"><a class=\"brz-a\" href=\"https:\/\/www.pasch-net.de\/de\/pasch-schulen\/schulportraets\/asien\/mng\/deutsche-schule-ulan-bator.html\" target=\"_blank\" rel=\"noopener\" data-brz-link-type=\"external\" id data-custom-id=\"yhgppkekshyqkkpulpqleglynnhksmduaaic\"><img decoding=\"async\" class=\"brz-img\" src=\"https:\/\/kubi-im-austausch.de\/wp-content\/uploads\/brizy\/imgs\/05-PASCH-Logo-64x51x0x0x64x51x1665492452.png\" alt=\"\" loading=\"lazy\" \/><\/a><\/div>\n<\/div>\n<\/div>\n<\/div>\n<div class=\"brz-columns brz-css-vztff brz-css-lvdff\" data-custom-id=\"ghgkftjaubiqlbtgflhkzrdjtaovrbmvwazj\">\n<div class=\"brz-bg overflow-hidden absolute top-0 left-0 w-full h-full\"><\/div>\n<div class=\"brz-column__items brz-css-ousfk\">\n<div class=\"brz-css-lxuaq brz-css-qvzse brz-wrapper\">\n<div class=\"brz-image brz-css-qgfks\"><a class=\"brz-a\" href=\"https:\/\/www.kas.de\/de\/web\/mongolei\" target=\"_blank\" rel=\"noopener\" data-brz-link-type=\"external\" id data-custom-id=\"ziskyskdlvtrhltmgftybxfoasxpdhlyqvio\"><img decoding=\"async\" class=\"brz-img\" src=\"https:\/\/kubi-im-austausch.de\/wp-content\/uploads\/brizy\/imgs\/06-KAS_Logo_Original-101x31x0x0x101x31x1665492452.png\" alt=\"\" loading=\"lazy\" \/><\/a><\/div>\n<\/div>\n<\/div>\n<\/div>\n<\/div>\n<\/div>\n<div class=\"brz-row__container brz-css-mipmd\" data-custom-id=\"idmelqbzfudqwyrcegtgyuqubupmqytwqudk\">\n<div class=\"brz-bg overflow-hidden absolute top-0 left-0 w-full h-full\"><\/div>\n<div class=\"brz-row brz-css-mlotb\">\n<div class=\"brz-columns brz-css-vztff brz-css-sxyzj\" data-custom-id=\"luoqgdetsclrmnxpeaoavmxzljutjyikduxp\">\n<div class=\"brz-bg overflow-hidden absolute top-0 left-0 w-full h-full\"><\/div>\n<div class=\"brz-column__items brz-css-ousfk\">\n<div class=\"brz-css-lxuaq brz-css-dgccs brz-wrapper\">\n<div class=\"brz-image brz-css-gxnjg\"><a class=\"brz-a\" href=\"http:\/\/artscouncil.mn\/\" target=\"_blank\" rel=\"noopener\" data-brz-link-type=\"external\" id data-custom-id=\"jinjjiasgpqksrdqrrlszyatxfzgkkbksnaz\"><img decoding=\"async\" class=\"brz-img\" src=\"https:\/\/kubi-im-austausch.de\/wp-content\/uploads\/brizy\/imgs\/07-ACM-Logo2-600px-119x30x0x0x119x30x1665492452.jpg\" alt=\"\" loading=\"lazy\" \/><\/a><\/div>\n<\/div>\n<\/div>\n<\/div>\n<div class=\"brz-columns brz-css-vztff brz-css-bkvwg\" data-custom-id=\"sktohaxhxtuiqvjboyoeeyahndmzizwurjug\">\n<div class=\"brz-bg overflow-hidden absolute top-0 left-0 w-full h-full\"><\/div>\n<div class=\"brz-column__items brz-css-ousfk\">\n<div class=\"brz-css-lxuaq brz-css-pguff brz-wrapper\">\n<div class=\"brz-image brz-css-eyzqx\"><img decoding=\"async\" class=\"brz-img\" src=\"https:\/\/kubi-im-austausch.de\/wp-content\/uploads\/brizy\/imgs\/08MinistryOfEducationMongolia-112x35x0x0x112x35x1665492452.png\" alt=\"\" loading=\"lazy\" \/><\/div>\n<\/div>\n<\/div>\n<\/div>\n<div class=\"brz-columns brz-css-vztff brz-css-afhfv\" data-custom-id=\"bhvxjtrmdzimvveqgijmuxrfaalqgajjiqfy\">\n<div class=\"brz-bg overflow-hidden absolute top-0 left-0 w-full h-full\"><\/div>\n<div class=\"brz-column__items brz-css-ousfk\">\n<div class=\"brz-css-lxuaq brz-css-xacix brz-wrapper\">\n<div class=\"brz-image brz-css-krwon\"><a class=\"brz-a\" href=\"http:\/\/berlin.embassy.mn\/eng\/index.php?moduls=1\" target=\"_blank\" rel=\"noopener\" data-brz-link-type=\"external\" id data-custom-id=\"ywndttopazasjwycarczhtxsdbttdpkrdsub\"><img decoding=\"async\" class=\"brz-img\" src=\"https:\/\/kubi-im-austausch.de\/wp-content\/uploads\/brizy\/imgs\/09-MON_3_Logo-MNG-Botschaft_trans-157x47x0x0x157x47x1665492452.png\" alt=\"\" loading=\"lazy\" \/><\/a><\/div>\n<\/div>\n<\/div>\n<\/div>\n<div class=\"brz-columns brz-css-vztff brz-css-ywplx\" data-custom-id=\"xjxiihecusylbuugxsulwzwkwlzgfvgdqudn\">\n<div class=\"brz-bg overflow-hidden absolute top-0 left-0 w-full h-full\"><\/div>\n<div class=\"brz-column__items brz-css-ousfk\">\n<div class=\"brz-css-lxuaq brz-css-sbuel brz-wrapper\">\n<div class=\"brz-image brz-css-lenbs\"><a class=\"brz-a\" href=\"http:\/\/huuhdiinurlan.ub.gov.mn\/\" target=\"_blank\" rel=\"noopener\" data-brz-link-type=\"external\" id data-custom-id=\"pnahrwoxachjpmnsfjmrcznvujhdpuafznjh\"><img decoding=\"async\" class=\"brz-img\" src=\"https:\/\/kubi-im-austausch.de\/wp-content\/uploads\/brizy\/imgs\/10-Mongolian-Art-Centre-for-Children-Creativity-400px-82x73x0x0x82x73x1665492452.jpg\" alt=\"\" loading=\"lazy\" \/><\/a><\/div>\n<\/div>\n<\/div>\n<\/div>\n<div class=\"brz-columns brz-css-vztff brz-css-mnwje\" data-custom-id=\"zwwpkynmdcqpkorhdescnjdwlfrmbtchlujl\">\n<div class=\"brz-bg overflow-hidden absolute top-0 left-0 w-full h-full\"><\/div>\n<div class=\"brz-column__items brz-css-ousfk\">\n<div class=\"brz-css-lxuaq brz-css-dwymi brz-wrapper\">\n<div class=\"brz-image brz-css-unswn\"><a class=\"brz-a\" href=\"https:\/\/www.facebook.com\/badmaarag.mn\" target=\"_blank\" rel=\"noopener\" data-brz-link-type=\"external\" id data-custom-id=\"odshldpohfqwvgsosqqziyqqfcbguazfkzca\"><img decoding=\"async\" class=\"brz-img\" src=\"https:\/\/kubi-im-austausch.de\/wp-content\/uploads\/brizy\/imgs\/11-Mongolian-State-University-of-Arts-and-Culture-600px-121x60x0x0x121x60x1665492452.jpg\" alt=\"\" loading=\"lazy\" \/><\/a><\/div>\n<\/div>\n<\/div>\n<\/div>\n<div class=\"brz-columns brz-css-vztff brz-css-gpdrv\" data-custom-id=\"hsrkdnrpqkxcczjgywetvzshcmpthzvoquds\">\n<div class=\"brz-bg overflow-hidden absolute top-0 left-0 w-full h-full\"><\/div>\n<div class=\"brz-column__items brz-css-ousfk\">\n<div class=\"brz-css-lxuaq brz-css-rbnhp brz-wrapper\">\n<div class=\"brz-image brz-css-ynicj\"><a class=\"brz-a\" href=\"https:\/\/www.facebook.com\/GoetheSurguuli\/\" target=\"_blank\" rel=\"noopener\" data-brz-link-type=\"external\" id data-custom-id=\"cadfimghtbdxiplvarcwnzvluleualjyiarl\"><img decoding=\"async\" class=\"brz-img\" src=\"https:\/\/kubi-im-austausch.de\/wp-content\/uploads\/brizy\/imgs\/GoetheSchule300px-75x67x0x0x75x67x1665492452.jpg\" alt=\"\" loading=\"lazy\" \/><\/a><\/div>\n<\/div>\n<\/div>\n<\/div>\n<\/div>\n<\/div>\n<div class=\"brz-row__container brz-css-mipmd\" data-custom-id=\"zkgfqjckcyafvglusszcexbcotpcbqqtpozd\">\n<div class=\"brz-bg overflow-hidden absolute top-0 left-0 w-full h-full\"><\/div>\n<div class=\"brz-row brz-css-mlotb\">\n<div class=\"brz-columns brz-css-vztff brz-css-arper\" data-custom-id=\"jpbjtewcnigczuepevduhlrxtrqbhgvvpout\">\n<div class=\"brz-bg overflow-hidden absolute top-0 left-0 w-full h-full\"><\/div>\n<div class=\"brz-column__items brz-css-ousfk\">\n<div class=\"brz-css-lxuaq brz-css-shzdh brz-wrapper\">\n<div class=\"brz-image brz-css-lnpuc\"><a class=\"brz-a\" href=\"https:\/\/www.facebook.com\/Tolit.edu.mn\" target=\"_blank\" rel=\"noopener\" data-brz-link-type=\"external\" id data-custom-id=\"pfwdhkdsdtxaylorrmmabqvavtlhlafbsamd\"><img decoding=\"async\" class=\"brz-img\" src=\"https:\/\/kubi-im-austausch.de\/wp-content\/uploads\/brizy\/imgs\/13-Tolit-School-Logo-300px-86x86x0x0x86x86x1665492452.jpg\" alt=\"\" loading=\"lazy\" \/><\/a><\/div>\n<\/div>\n<\/div>\n<\/div>\n<div class=\"brz-columns brz-css-vztff brz-css-asrny\" data-custom-id=\"pqcyikrrvheqqkydtcvyuibpmchsuhetzpxq\">\n<div class=\"brz-bg overflow-hidden absolute top-0 left-0 w-full h-full\"><\/div>\n<div class=\"brz-column__items brz-css-ousfk\">\n<div class=\"brz-css-lxuaq brz-css-vpoph brz-wrapper\">\n<div class=\"brz-image brz-css-cvivl\"><a class=\"brz-a\" href=\"http:\/\/monterosa.edu.mn\/\" target=\"_blank\" rel=\"noopener\" data-brz-link-type=\"external\" id data-custom-id=\"itfngxzkrkizwxxwergagcfxbhgwlfgblbpt\"><img decoding=\"async\" class=\"brz-img\" src=\"https:\/\/kubi-im-austausch.de\/wp-content\/uploads\/brizy\/imgs\/14-Monte-Rosa-School-Logo-600px-94x94x0x0x94x94x1665492452.jpg\" alt=\"\" loading=\"lazy\" \/><\/a><\/div>\n<\/div>\n<\/div>\n<\/div>\n<div class=\"brz-columns brz-css-vztff brz-css-ftntk\" data-custom-id=\"hjzcfovnajhvemdxbpneytqpukkgenjgaqbd\">\n<div class=\"brz-bg overflow-hidden absolute top-0 left-0 w-full h-full\"><\/div>\n<div class=\"brz-column__items brz-css-ousfk\">\n<div class=\"brz-css-lxuaq brz-css-bgnzf brz-wrapper\">\n<div class=\"brz-image brz-css-qldsl\"><a class=\"brz-a\" href=\"https:\/\/www.facebook.com\/ZuunBilegSecondarySchool\/\" target=\"_blank\" rel=\"noopener\" data-brz-link-type=\"external\" id data-custom-id=\"izwewkjqxhpnatgepxhvsodfwcrlwvjxzvbp\"><img decoding=\"async\" class=\"brz-img\" src=\"https:\/\/kubi-im-austausch.de\/wp-content\/uploads\/brizy\/imgs\/15-Shine-zuun-bileg-school-logo-360px-74x78x0x0x74x78x1665492452.jpg\" alt=\"\" loading=\"lazy\" \/><\/a><\/div>\n<\/div>\n<\/div>\n<\/div>\n<div class=\"brz-columns brz-css-vztff brz-css-dpckg\" data-custom-id=\"cwhoudcslkxbmihupwaatpbrtfdkzmbrintx\">\n<div class=\"brz-bg overflow-hidden absolute top-0 left-0 w-full h-full\"><\/div>\n<div class=\"brz-column__items brz-css-ousfk\">\n<div class=\"brz-css-lxuaq brz-css-zedxv brz-wrapper\">\n<div class=\"brz-image brz-css-ifjyg\"><a class=\"brz-a\" href=\"https:\/\/www.facebook.com\/MN17-Art-Gallery-153578378807101\/\" target=\"_blank\" rel=\"noopener\" data-brz-link-type=\"external\" id data-custom-id=\"kkmdbjnpkjsmcpcxxnjegrbgfmoxcclfcgoj\"><img decoding=\"async\" class=\"brz-img\" src=\"https:\/\/kubi-im-austausch.de\/wp-content\/uploads\/brizy\/imgs\/16-MN17Art-Gallery-400px-70x70x0x0x70x70x1665492452.jpg\" alt=\"\" loading=\"lazy\" \/><\/a><\/div>\n<\/div>\n<\/div>\n<\/div>\n<div class=\"brz-columns brz-css-vztff brz-css-drbdz\" data-custom-id=\"opdmpxepyrjjwsefqwyfvdjhfxrgzejncpbv\">\n<div class=\"brz-bg overflow-hidden absolute top-0 left-0 w-full h-full\"><\/div>\n<div class=\"brz-column__items brz-css-ousfk\">\n<div class=\"brz-css-lxuaq brz-css-kkque brz-wrapper\">\n<div class=\"brz-image brz-css-uzoxs\"><a class=\"brz-a\" href=\"https:\/\/www.facebook.com\/ubchuulga\/\" target=\"_blank\" rel=\"noopener\" data-brz-link-type=\"external\" id data-custom-id=\"htenkjcgcqidfhjtfiwlkogijpfyyviduyxv\"><img decoding=\"async\" class=\"brz-img\" src=\"https:\/\/kubi-im-austausch.de\/wp-content\/uploads\/brizy\/imgs\/17-Ulaanbaatar-Ensemble-101x95x0x0x101x95x1665492452.png\" alt=\"\" loading=\"lazy\" \/><\/a><\/div>\n<\/div>\n<\/div>\n<\/div>\n<\/div>\n<\/div>\n<\/div>\n<\/div>\n<\/section>\n<\/div>\n<p><!-- version:1673864721 --><\/p>","protected":false},"excerpt":{"rendered":"<p>NEHMEN SIE KONTAKT MIT UNS AUF SENDEN !function(){function t(t){this.element=t,this.animationId,this.start=null,this.init()}if(!window.requestAnimationFrame){var i=null;window.requestAnimationFrame=function(t,n){var e=(new Date).getTime();i||(i=e);var a=Math.max(0,16-(e-i)),o=window.setTimeout(function(){t(e+a)},a);return i=e+a,o}}t.prototype.init=function(){var t=this;this.animationId=window.requestAnimationFrame(t.triggerAnimation.bind(t))},t.prototype.reset=function(){var t=this;window.cancelAnimationFrame(t.animationId)},t.prototype.triggerAnimation=function(t){var i=this;this.start||(this.start=t);var n=t-this.start;504&gt;n||(this.start=this.start+504),this.element.setAttribute(&#8222;transform&#8220;,&#8220;rotate(&#8222;+Math.min(n\/1.4,360)+&#8220; 12 12)&#8220;);if(document.documentElement.contains(this.element))window.requestAnimationFrame(i.triggerAnimation.bind(i))};var n=document.getElementsByClassName(&#8222;nc-loop_circle-02-24&#8220;),e=[];if(n)for(var a=0;n.length&gt;a;a++)!function(i){e.push(new t(n[i]))}(a);document.addEventListener(&#8222;visibilitychange&#8220;,function(){&#8222;hidden&#8220;==document.visibilityState?e.forEach(function(t){t.reset()}):e.forEach(function(t){t.init()})})}(); PROJEKTPARTNER: EIN BESONDERER DANK F\u00dcR DIE ZUSAMMENARBEIT, F\u00d6RDERUNG &amp; UNTERST\u00dcTZUNG:<\/p>","protected":false},"author":1,"featured_media":0,"parent":0,"menu_order":0,"comment_status":"closed","ping_status":"closed","template":"brizy-blank-template.php","meta":{"footnotes":""},"class_list":["post-3580","page","type-page","status-publish","hentry"],"_links":{"self":[{"href":"https:\/\/kubi-im-austausch.de\/mn\/wp-json\/wp\/v2\/pages\/3580","targetHints":{"allow":["GET"]}}],"collection":[{"href":"https:\/\/kubi-im-austausch.de\/mn\/wp-json\/wp\/v2\/pages"}],"about":[{"href":"https:\/\/kubi-im-austausch.de\/mn\/wp-json\/wp\/v2\/types\/page"}],"author":[{"embeddable":true,"href":"https:\/\/kubi-im-austausch.de\/mn\/wp-json\/wp\/v2\/users\/1"}],"replies":[{"embeddable":true,"href":"https:\/\/kubi-im-austausch.de\/mn\/wp-json\/wp\/v2\/comments?post=3580"}],"version-history":[{"count":16,"href":"https:\/\/kubi-im-austausch.de\/mn\/wp-json\/wp\/v2\/pages\/3580\/revisions"}],"predecessor-version":[{"id":4717,"href":"https:\/\/kubi-im-austausch.de\/mn\/wp-json\/wp\/v2\/pages\/3580\/revisions\/4717"}],"wp:attachment":[{"href":"https:\/\/kubi-im-austausch.de\/mn\/wp-json\/wp\/v2\/media?parent=3580"}],"curies":[{"name":"wp","href":"https:\/\/api.w.org\/{rel}","templated":true}]}}